{"id":47,"date":"2024-01-24T13:53:11","date_gmt":"2024-01-24T12:53:11","guid":{"rendered":"https:\/\/geekfiti.com\/?page_id=43"},"modified":"2024-12-09T20:18:05","modified_gmt":"2024-12-09T20:18:05","slug":"contact","status":"publish","type":"page","link":"https:\/\/geekfiti.io\/?page_id=47","title":{"rendered":"Contact"},"content":{"rendered":"\n<div class=\"wp-block-columns is-layout-flex wp-container-core-columns-is-layout-9d6595d7 wp-block-columns-is-layout-flex\">\n<div class=\"wp-block-column is-layout-flow wp-block-column-is-layout-flow\">\n<figure class=\"wp-block-image size-full\"><img loading=\"lazy\" decoding=\"async\" width=\"1024\" height=\"1024\" src=\"http:\/\/adminko.geekfiti.io\/wp-content\/uploads\/2024\/09\/datacenter-.webp\" alt=\"\" class=\"wp-image-71\" srcset=\"https:\/\/geekfiti.io\/wp-content\/uploads\/2024\/09\/datacenter-.webp 1024w, https:\/\/geekfiti.io\/wp-content\/uploads\/2024\/09\/datacenter--300x300.webp 300w, https:\/\/geekfiti.io\/wp-content\/uploads\/2024\/09\/datacenter--150x150.webp 150w, https:\/\/geekfiti.io\/wp-content\/uploads\/2024\/09\/datacenter--768x768.webp 768w\" sizes=\"auto, (max-width: 1024px) 100vw, 1024px\" \/><\/figure>\n<\/div>\n\n\n\n<div class=\"wp-block-column is-layout-flow wp-block-column-is-layout-flow\">\n<pre class=\"wp-block-preformatted\"><strong>Geekfiti s. r. o.<\/strong><br>Zohorsk\u00e1 ulica 524\/12<br>900 67 L\u00e1b<br>Slovak Republic<br><br><strong>DI\u010c:<\/strong> 2121726387<br><strong>I\u010cO:<\/strong> 54560853<br><strong>I\u010c DPH<\/strong> <strong>(VAT ID)<\/strong>: SK2121726387<br><br><strong>IBAN<\/strong> SK39 1100 0000 0029 4312 7727<br><br>webcontact @ geekfiti.com <\/pre>\n\n\n\n<p><\/p>\n<\/div>\n<\/div>\n","protected":false},"excerpt":{"rendered":"<p>Geekfiti s. r. o.Zohorsk\u00e1 ulica 524\/12900 67 L\u00e1bSlovak RepublicDI\u010c: 2121726387I\u010cO: 54560853I\u010c DPH (VAT ID): SK2121726387IBAN SK39 1100 0000 0029 4312 7727webcontact @ geekfiti.com<\/p>\n","protected":false},"author":1,"featured_media":0,"parent":0,"menu_order":0,"comment_status":"closed","ping_status":"closed","template":"templates\/contact.php","meta":{"_acf_changed":false,"footnotes":""},"class_list":["post-47","page","type-page","status-publish","hentry"],"acf":[],"_links":{"self":[{"href":"https:\/\/geekfiti.io\/index.php?rest_route=\/wp\/v2\/pages\/47","targetHints":{"allow":["GET"]}}],"collection":[{"href":"https:\/\/geekfiti.io\/index.php?rest_route=\/wp\/v2\/pages"}],"about":[{"href":"https:\/\/geekfiti.io\/index.php?rest_route=\/wp\/v2\/types\/page"}],"author":[{"embeddable":true,"href":"https:\/\/geekfiti.io\/index.php?rest_route=\/wp\/v2\/users\/1"}],"replies":[{"embeddable":true,"href":"https:\/\/geekfiti.io\/index.php?rest_route=%2Fwp%2Fv2%2Fcomments&post=47"}],"version-history":[{"count":4,"href":"https:\/\/geekfiti.io\/index.php?rest_route=\/wp\/v2\/pages\/47\/revisions"}],"predecessor-version":[{"id":148,"href":"https:\/\/geekfiti.io\/index.php?rest_route=\/wp\/v2\/pages\/47\/revisions\/148"}],"wp:attachment":[{"href":"https:\/\/geekfiti.io\/index.php?rest_route=%2Fwp%2Fv2%2Fmedia&parent=47"}],"curies":[{"name":"wp","href":"https:\/\/api.w.org\/{rel}","templated":true}]}}