{"id":40,"date":"2024-01-24T13:51:02","date_gmt":"2024-01-24T12:51:02","guid":{"rendered":"https:\/\/geekfiti.com\/?page_id=40"},"modified":"2024-09-12T18:50:36","modified_gmt":"2024-09-12T18:50:36","slug":"privacy-policies","status":"publish","type":"page","link":"https:\/\/geekfiti.io\/?page_id=40","title":{"rendered":"Policies"},"content":{"rendered":"\n<div class=\"wp-block-columns is-layout-flex wp-container-core-columns-is-layout-9d6595d7 wp-block-columns-is-layout-flex\">\n<div class=\"wp-block-column is-layout-flow wp-block-column-is-layout-flow\" style=\"flex-basis:33.33%\">\n<figure class=\"wp-block-image size-full is-resized\"><img loading=\"lazy\" decoding=\"async\" width=\"702\" height=\"702\" src=\"https:\/\/adminko.geekfiti.io\/wp-content\/uploads\/2024\/09\/VLJ-AfterLife.jpg\" alt=\"\" class=\"wp-image-126\" style=\"width:130px;height:auto\" srcset=\"https:\/\/geekfiti.io\/wp-content\/uploads\/2024\/09\/VLJ-AfterLife.jpg 702w, https:\/\/geekfiti.io\/wp-content\/uploads\/2024\/09\/VLJ-AfterLife-300x300.jpg 300w, https:\/\/geekfiti.io\/wp-content\/uploads\/2024\/09\/VLJ-AfterLife-150x150.jpg 150w\" sizes=\"auto, (max-width: 702px) 100vw, 702px\" \/><\/figure>\n<\/div>\n\n\n\n<div class=\"wp-block-column is-layout-flow wp-block-column-is-layout-flow\" style=\"flex-basis:66.66%\">\n<a class=\"wpembed-inline\" href=\"https:\/\/app.websitepolicies.com\/policies\/view\/kouke0qk\">Journey 4 application &#8211; privacy policy<\/a><script src=\"https:\/\/cdn.websitepolicies.io\/lib\/embed\/embed.min.js\" defer><\/script>\n<\/div>\n<\/div>\n\n\n\n<hr class=\"wp-block-separator has-alpha-channel-opacity is-style-wide\"\/>\n\n\n\n<div class=\"wp-block-columns is-layout-flex wp-container-core-columns-is-layout-9d6595d7 wp-block-columns-is-layout-flex\">\n<div class=\"wp-block-column is-layout-flow wp-block-column-is-layout-flow\" style=\"flex-basis:33.33%\">\n<figure class=\"wp-block-image size-full is-resized\"><img loading=\"lazy\" decoding=\"async\" width=\"1024\" height=\"1024\" src=\"https:\/\/adminko.geekfiti.io\/wp-content\/uploads\/2024\/09\/IPgatekeeper2.webp\" alt=\"\" class=\"wp-image-127\" style=\"width:132px;height:auto\" srcset=\"https:\/\/geekfiti.io\/wp-content\/uploads\/2024\/09\/IPgatekeeper2.webp 1024w, https:\/\/geekfiti.io\/wp-content\/uploads\/2024\/09\/IPgatekeeper2-300x300.webp 300w, https:\/\/geekfiti.io\/wp-content\/uploads\/2024\/09\/IPgatekeeper2-150x150.webp 150w, https:\/\/geekfiti.io\/wp-content\/uploads\/2024\/09\/IPgatekeeper2-768x768.webp 768w\" sizes=\"auto, (max-width: 1024px) 100vw, 1024px\" \/><\/figure>\n<\/div>\n\n\n\n<div class=\"wp-block-column is-layout-flow wp-block-column-is-layout-flow\" style=\"flex-basis:66.66%\">\n<a class=\"wpembed-inline\" href=\"https:\/\/app.websitepolicies.com\/policies\/view\/kouke0qk\">IPGatekeeper application &#8211; privacy policy<\/a><script src=\"https:\/\/cdn.websitepolicies.io\/lib\/embed\/embed.min.js\" defer><\/script>\n<\/div>\n<\/div>\n\n\n\n<hr class=\"wp-block-separator has-alpha-channel-opacity is-style-wide\"\/>\n\n\n\n<div class=\"wp-block-columns is-layout-flex wp-container-core-columns-is-layout-9d6595d7 wp-block-columns-is-layout-flex\">\n<div class=\"wp-block-column is-layout-flow wp-block-column-is-layout-flow\" style=\"flex-basis:33.33%\">\n<figure class=\"wp-block-image size-full is-resized\"><img loading=\"lazy\" decoding=\"async\" width=\"1024\" height=\"1024\" src=\"https:\/\/adminko.geekfiti.io\/wp-content\/uploads\/2024\/09\/AML.webp\" alt=\"\" class=\"wp-image-128\" style=\"width:134px;height:auto\" srcset=\"https:\/\/geekfiti.io\/wp-content\/uploads\/2024\/09\/AML.webp 1024w, https:\/\/geekfiti.io\/wp-content\/uploads\/2024\/09\/AML-300x300.webp 300w, https:\/\/geekfiti.io\/wp-content\/uploads\/2024\/09\/AML-150x150.webp 150w, https:\/\/geekfiti.io\/wp-content\/uploads\/2024\/09\/AML-768x768.webp 768w\" sizes=\"auto, (max-width: 1024px) 100vw, 1024px\" \/><\/figure>\n<\/div>\n\n\n\n<div class=\"wp-block-column is-layout-flow wp-block-column-is-layout-flow\" style=\"flex-basis:66.66%\">\n<a class=\"wpembed-inline\" href=\"https:\/\/geekfiti.io\/privacy-policies\/aml-sk\/\">AML (SK): Program vlastnej \u010dinnosti zameranej proti legaliz\u00e1cii pr\u00edjmov z trestnej \u010dinnosti a financovaniu terorizmu<\/a>\n<br\/>\n<br\/>\n<a class=\"wpembed-inline\" href=\"https:\/\/geekfiti.io\/privacy-policies\/aml-en\/\">AML (EN): Internal Program to Prevent Money Laundering and Terrorist Financing<\/a>\n<\/div>\n<\/div>\n","protected":false},"excerpt":{"rendered":"<p>Journey 4 application &#8211; privacy policy IPGatekeeper application &#8211; privacy policy AML (SK): Program vlastnej \u010dinnosti zameranej proti legaliz\u00e1cii pr\u00edjmov z trestnej \u010dinnosti a financovaniu terorizmu AML (EN): Internal Program to Prevent Money Laundering and Terrorist Financing<\/p>\n","protected":false},"author":1,"featured_media":0,"parent":0,"menu_order":0,"comment_status":"closed","ping_status":"closed","template":"","meta":{"_acf_changed":false,"footnotes":""},"class_list":["post-40","page","type-page","status-publish","hentry"],"acf":[],"_links":{"self":[{"href":"https:\/\/geekfiti.io\/index.php?rest_route=\/wp\/v2\/pages\/40","targetHints":{"allow":["GET"]}}],"collection":[{"href":"https:\/\/geekfiti.io\/index.php?rest_route=\/wp\/v2\/pages"}],"about":[{"href":"https:\/\/geekfiti.io\/index.php?rest_route=\/wp\/v2\/types\/page"}],"author":[{"embeddable":true,"href":"https:\/\/geekfiti.io\/index.php?rest_route=\/wp\/v2\/users\/1"}],"replies":[{"embeddable":true,"href":"https:\/\/geekfiti.io\/index.php?rest_route=%2Fwp%2Fv2%2Fcomments&post=40"}],"version-history":[{"count":18,"href":"https:\/\/geekfiti.io\/index.php?rest_route=\/wp\/v2\/pages\/40\/revisions"}],"predecessor-version":[{"id":136,"href":"https:\/\/geekfiti.io\/index.php?rest_route=\/wp\/v2\/pages\/40\/revisions\/136"}],"wp:attachment":[{"href":"https:\/\/geekfiti.io\/index.php?rest_route=%2Fwp%2Fv2%2Fmedia&parent=40"}],"curies":[{"name":"wp","href":"https:\/\/api.w.org\/{rel}","templated":true}]}}